{"id":626,"date":"2024-10-25T17:35:23","date_gmt":"2024-10-25T15:35:23","guid":{"rendered":"https:\/\/www.altaier.com\/?page_id=626"},"modified":"2024-10-25T17:39:39","modified_gmt":"2024-10-25T15:39:39","slug":"elementor-626","status":"publish","type":"page","link":"https:\/\/www.altaier.com\/index.php\/elementor-626\/","title":{"rendered":"Infogerance"},"content":{"rendered":"\t\t<div data-elementor-type=\"wp-page\" data-elementor-id=\"626\" class=\"elementor elementor-626\">\n\t\t\t\t\t\t<section class=\"elementor-section elementor-top-section elementor-element elementor-element-dc67e9b elementor-section-boxed elementor-section-height-default elementor-section-height-default\" data-id=\"dc67e9b\" data-element_type=\"section\">\n\t\t\t\t\t\t<div class=\"elementor-container elementor-column-gap-default\">\n\t\t\t\t\t<div class=\"elementor-column elementor-col-100 elementor-top-column elementor-element elementor-element-fe020c4\" data-id=\"fe020c4\" data-element_type=\"column\">\n\t\t\t<div class=\"elementor-widget-wrap elementor-element-populated\">\n\t\t\t\t\t\t<div class=\"elementor-element elementor-element-d3a9e67 elementor-widget elementor-widget-image\" data-id=\"d3a9e67\" data-element_type=\"widget\" data-widget_type=\"image.default\">\n\t\t\t\t<div class=\"elementor-widget-container\">\n\t\t\t<style>\/*! elementor - v3.22.0 - 26-06-2024 *\/\n.elementor-widget-image{text-align:center}.elementor-widget-image a{display:inline-block}.elementor-widget-image a img[src$=\".svg\"]{width:48px}.elementor-widget-image img{vertical-align:middle;display:inline-block}<\/style>\t\t\t\t\t\t\t\t\t\t<img fetchpriority=\"high\" decoding=\"async\" width=\"950\" height=\"320\" src=\"https:\/\/www.altaier.com\/wp-content\/uploads\/2024\/10\/pexels-koolshooters-8533635-950x320.jpg\" class=\"attachment-inspiro-loop size-inspiro-loop wp-image-635\" alt=\"\" srcset=\"https:\/\/www.altaier.com\/wp-content\/uploads\/2024\/10\/pexels-koolshooters-8533635-950x320.jpg 950w, https:\/\/www.altaier.com\/wp-content\/uploads\/2024\/10\/pexels-koolshooters-8533635-1900x640.jpg 1900w\" sizes=\"100vw\" \/>\t\t\t\t\t\t\t\t\t\t\t\t\t<\/div>\n\t\t\t\t<\/div>\n\t\t\t\t\t<\/div>\n\t\t<\/div>\n\t\t\t\t\t<\/div>\n\t\t<\/section>\n\t\t\t\t<section class=\"elementor-section elementor-top-section elementor-element elementor-element-078f6bd elementor-section-boxed elementor-section-height-default elementor-section-height-default\" data-id=\"078f6bd\" data-element_type=\"section\">\n\t\t\t\t\t\t<div class=\"elementor-container elementor-column-gap-default\">\n\t\t\t\t\t<div class=\"elementor-column elementor-col-100 elementor-top-column elementor-element elementor-element-d163da0\" data-id=\"d163da0\" data-element_type=\"column\">\n\t\t\t<div class=\"elementor-widget-wrap elementor-element-populated\">\n\t\t\t\t\t\t<div class=\"elementor-element elementor-element-f93c3f5 elementor-widget elementor-widget-heading\" data-id=\"f93c3f5\" data-element_type=\"widget\" data-widget_type=\"heading.default\">\n\t\t\t\t<div class=\"elementor-widget-container\">\n\t\t\t<style>\/*! elementor - v3.22.0 - 26-06-2024 *\/\n.elementor-heading-title{padding:0;margin:0;line-height:1}.elementor-widget-heading .elementor-heading-title[class*=elementor-size-]>a{color:inherit;font-size:inherit;line-height:inherit}.elementor-widget-heading .elementor-heading-title.elementor-size-small{font-size:15px}.elementor-widget-heading .elementor-heading-title.elementor-size-medium{font-size:19px}.elementor-widget-heading .elementor-heading-title.elementor-size-large{font-size:29px}.elementor-widget-heading .elementor-heading-title.elementor-size-xl{font-size:39px}.elementor-widget-heading .elementor-heading-title.elementor-size-xxl{font-size:59px}<\/style><h2 class=\"elementor-heading-title elementor-size-default\">INFOGERANCE<\/h2>\t\t<\/div>\n\t\t\t\t<\/div>\n\t\t\t\t\t<\/div>\n\t\t<\/div>\n\t\t\t\t\t<\/div>\n\t\t<\/section>\n\t\t\t\t<section class=\"elementor-section elementor-top-section elementor-element elementor-element-b639479 elementor-section-boxed elementor-section-height-default elementor-section-height-default\" data-id=\"b639479\" data-element_type=\"section\">\n\t\t\t\t\t\t<div class=\"elementor-container elementor-column-gap-default\">\n\t\t\t\t\t<div class=\"elementor-column elementor-col-33 elementor-top-column elementor-element elementor-element-6496265\" data-id=\"6496265\" data-element_type=\"column\">\n\t\t\t<div class=\"elementor-widget-wrap elementor-element-populated\">\n\t\t\t\t\t\t<div class=\"elementor-element elementor-element-c92c1c4 elementor-widget elementor-widget-image\" data-id=\"c92c1c4\" data-element_type=\"widget\" data-widget_type=\"image.default\">\n\t\t\t\t<div class=\"elementor-widget-container\">\n\t\t\t\t\t\t\t\t\t\t\t\t\t<img decoding=\"async\" width=\"243\" height=\"246\" src=\"https:\/\/www.altaier.com\/wp-content\/uploads\/2024\/10\/N1.png\" class=\"attachment-large size-large wp-image-631\" alt=\"\" sizes=\"100vw\" \/>\t\t\t\t\t\t\t\t\t\t\t\t\t<\/div>\n\t\t\t\t<\/div>\n\t\t\t\t\t<\/div>\n\t\t<\/div>\n\t\t\t\t<div class=\"elementor-column elementor-col-66 elementor-top-column elementor-element elementor-element-5a67d38\" data-id=\"5a67d38\" data-element_type=\"column\">\n\t\t\t<div class=\"elementor-widget-wrap elementor-element-populated\">\n\t\t\t\t\t\t<div class=\"elementor-element elementor-element-ce41e79 elementor-widget elementor-widget-text-editor\" data-id=\"ce41e79\" data-element_type=\"widget\" data-widget_type=\"text-editor.default\">\n\t\t\t\t<div class=\"elementor-widget-container\">\n\t\t\t<style>\/*! elementor - v3.22.0 - 26-06-2024 *\/\n.elementor-widget-text-editor.elementor-drop-cap-view-stacked .elementor-drop-cap{background-color:#69727d;color:#fff}.elementor-widget-text-editor.elementor-drop-cap-view-framed .elementor-drop-cap{color:#69727d;border:3px solid;background-color:transparent}.elementor-widget-text-editor:not(.elementor-drop-cap-view-default) .elementor-drop-cap{margin-top:8px}.elementor-widget-text-editor:not(.elementor-drop-cap-view-default) .elementor-drop-cap-letter{width:1em;height:1em}.elementor-widget-text-editor .elementor-drop-cap{float:left;text-align:center;line-height:1;font-size:50px}.elementor-widget-text-editor .elementor-drop-cap-letter{display:inline-block}<\/style>\t\t\t\t<p><strong>Confiez-nous votre syst\u00e8me d&rsquo;information et gagnez en s\u00e9r\u00e9nit\u00e9.<\/strong> Notre service d&rsquo;infog\u00e9rance vous garantit une infrastructure informatique performante et s\u00e9curis\u00e9e. B\u00e9n\u00e9ficiez d&rsquo;une assistance 24\/7 et d&rsquo;une maintenance pr\u00e9ventive pour optimiser votre productivit\u00e9 et r\u00e9duire les temps d&rsquo;arr\u00eat. Nous adaptons nos solutions \u00e0 vos besoins sp\u00e9cifiques, quelle que soit la taille de votre entreprise<\/p>\t\t\t\t\t\t<\/div>\n\t\t\t\t<\/div>\n\t\t\t\t\t<\/div>\n\t\t<\/div>\n\t\t\t\t\t<\/div>\n\t\t<\/section>\n\t\t\t\t<section class=\"elementor-section elementor-top-section elementor-element elementor-element-38479b7 elementor-section-boxed elementor-section-height-default elementor-section-height-default\" data-id=\"38479b7\" data-element_type=\"section\">\n\t\t\t\t\t\t<div class=\"elementor-container elementor-column-gap-default\">\n\t\t\t\t\t<div class=\"elementor-column elementor-col-66 elementor-top-column elementor-element elementor-element-4030309\" data-id=\"4030309\" data-element_type=\"column\">\n\t\t\t<div class=\"elementor-widget-wrap elementor-element-populated\">\n\t\t\t\t\t\t<div class=\"elementor-element elementor-element-1297720 elementor-widget elementor-widget-text-editor\" data-id=\"1297720\" data-element_type=\"widget\" data-widget_type=\"text-editor.default\">\n\t\t\t\t<div class=\"elementor-widget-container\">\n\t\t\t\t\t\t\t<p><strong>Nos experts mettent leur savoir-faire \u00e0 votre service<\/strong> pour concevoir et maintenir une infrastructure informatique sur mesure. Gr\u00e2ce \u00e0 notre approche personnalis\u00e9e, nous vous proposons des solutions adapt\u00e9es \u00e0 votre activit\u00e9 et \u00e0 vos contraintes budg\u00e9taires. Profitez d&rsquo;une expertise pointue en mati\u00e8re de s\u00e9curit\u00e9 informatique, de virtualisation et de cloud computing.<\/p>\t\t\t\t\t\t<\/div>\n\t\t\t\t<\/div>\n\t\t\t\t\t<\/div>\n\t\t<\/div>\n\t\t\t\t<div class=\"elementor-column elementor-col-33 elementor-top-column elementor-element elementor-element-ac87fb0\" data-id=\"ac87fb0\" data-element_type=\"column\">\n\t\t\t<div class=\"elementor-widget-wrap elementor-element-populated\">\n\t\t\t\t\t\t<div class=\"elementor-element elementor-element-679fe7a elementor-widget elementor-widget-image\" data-id=\"679fe7a\" data-element_type=\"widget\" data-widget_type=\"image.default\">\n\t\t\t\t<div class=\"elementor-widget-container\">\n\t\t\t\t\t\t\t\t\t\t\t\t\t<img decoding=\"async\" width=\"260\" height=\"270\" src=\"https:\/\/www.altaier.com\/wp-content\/uploads\/2024\/10\/Capture-decran-2024-10-25-173504.png\" class=\"attachment-large size-large wp-image-632\" alt=\"\" sizes=\"100vw\" \/>\t\t\t\t\t\t\t\t\t\t\t\t\t<\/div>\n\t\t\t\t<\/div>\n\t\t\t\t\t<\/div>\n\t\t<\/div>\n\t\t\t\t\t<\/div>\n\t\t<\/section>\n\t\t\t\t<section class=\"elementor-section elementor-top-section elementor-element elementor-element-c1df700 elementor-section-boxed elementor-section-height-default elementor-section-height-default\" data-id=\"c1df700\" data-element_type=\"section\">\n\t\t\t\t\t\t<div class=\"elementor-container elementor-column-gap-default\">\n\t\t\t\t\t<div class=\"elementor-column elementor-col-33 elementor-top-column elementor-element elementor-element-fd13c9d\" data-id=\"fd13c9d\" data-element_type=\"column\">\n\t\t\t<div class=\"elementor-widget-wrap elementor-element-populated\">\n\t\t\t\t\t\t<div class=\"elementor-element elementor-element-2597107 elementor-widget elementor-widget-image\" data-id=\"2597107\" data-element_type=\"widget\" data-widget_type=\"image.default\">\n\t\t\t\t<div class=\"elementor-widget-container\">\n\t\t\t\t\t\t\t\t\t\t\t\t\t<img loading=\"lazy\" decoding=\"async\" width=\"218\" height=\"240\" src=\"https:\/\/www.altaier.com\/wp-content\/uploads\/2024\/10\/Capture-decran-2024-10-25-173609.png\" class=\"attachment-large size-large wp-image-633\" alt=\"\" sizes=\"100vw\" \/>\t\t\t\t\t\t\t\t\t\t\t\t\t<\/div>\n\t\t\t\t<\/div>\n\t\t\t\t\t<\/div>\n\t\t<\/div>\n\t\t\t\t<div class=\"elementor-column elementor-col-66 elementor-top-column elementor-element elementor-element-7c52643\" data-id=\"7c52643\" data-element_type=\"column\">\n\t\t\t<div class=\"elementor-widget-wrap elementor-element-populated\">\n\t\t\t\t\t\t<div class=\"elementor-element elementor-element-c04960a elementor-widget elementor-widget-text-editor\" data-id=\"c04960a\" data-element_type=\"widget\" data-widget_type=\"text-editor.default\">\n\t\t\t\t<div class=\"elementor-widget-container\">\n\t\t\t\t\t\t\t<p><strong>R\u00e9duisez vos co\u00fbts informatiques et optimisez votre retour sur investissement.<\/strong> En externalisant la gestion de votre syst\u00e8me d&rsquo;information, vous b\u00e9n\u00e9ficiez d&rsquo;une flexibilit\u00e9 accrue et d&rsquo;une r\u00e9duction des co\u00fbts li\u00e9s au mat\u00e9riel, aux logiciels et aux ressources humaines. Nos contrats d&rsquo;infog\u00e9rance sont transparents et adapt\u00e9s \u00e0 vos besoins.<\/p>\t\t\t\t\t\t<\/div>\n\t\t\t\t<\/div>\n\t\t\t\t\t<\/div>\n\t\t<\/div>\n\t\t\t\t\t<\/div>\n\t\t<\/section>\n\t\t\t\t<section class=\"elementor-section elementor-top-section elementor-element elementor-element-55445b9 elementor-section-boxed elementor-section-height-default elementor-section-height-default\" data-id=\"55445b9\" data-element_type=\"section\">\n\t\t\t\t\t\t<div class=\"elementor-container elementor-column-gap-default\">\n\t\t\t\t\t<div class=\"elementor-column elementor-col-66 elementor-top-column elementor-element elementor-element-4752f29\" data-id=\"4752f29\" data-element_type=\"column\">\n\t\t\t<div class=\"elementor-widget-wrap elementor-element-populated\">\n\t\t\t\t\t\t<div class=\"elementor-element elementor-element-a2bb103 elementor-widget elementor-widget-text-editor\" data-id=\"a2bb103\" data-element_type=\"widget\" data-widget_type=\"text-editor.default\">\n\t\t\t\t<div class=\"elementor-widget-container\">\n\t\t\t\t\t\t\t<p><strong>Prot\u00e9gez vos donn\u00e9es sensibles gr\u00e2ce \u00e0 notre service d&rsquo;infog\u00e9rance.<\/strong> Nous mettons en \u0153uvre des solutions de s\u00e9curit\u00e9 robustes pour pr\u00e9venir les cyberattaques et garantir la confidentialit\u00e9 de vos informations. B\u00e9n\u00e9ficiez d&rsquo;une surveillance permanente de votre syst\u00e8me et de mises \u00e0 jour r\u00e9guli\u00e8res de vos logiciels.<\/p>\t\t\t\t\t\t<\/div>\n\t\t\t\t<\/div>\n\t\t\t\t\t<\/div>\n\t\t<\/div>\n\t\t\t\t<div class=\"elementor-column elementor-col-33 elementor-top-column elementor-element elementor-element-82dc907\" data-id=\"82dc907\" data-element_type=\"column\">\n\t\t\t<div class=\"elementor-widget-wrap elementor-element-populated\">\n\t\t\t\t\t\t<div class=\"elementor-element elementor-element-d7bf424 elementor-widget elementor-widget-image\" data-id=\"d7bf424\" data-element_type=\"widget\" data-widget_type=\"image.default\">\n\t\t\t\t<div class=\"elementor-widget-container\">\n\t\t\t\t\t\t\t\t\t\t\t\t\t<img loading=\"lazy\" decoding=\"async\" width=\"251\" height=\"221\" src=\"https:\/\/www.altaier.com\/wp-content\/uploads\/2024\/10\/Capture-decran-2024-10-25-173715.png\" class=\"attachment-large size-large wp-image-634\" alt=\"\" sizes=\"100vw\" \/>\t\t\t\t\t\t\t\t\t\t\t\t\t<\/div>\n\t\t\t\t<\/div>\n\t\t\t\t\t<\/div>\n\t\t<\/div>\n\t\t\t\t\t<\/div>\n\t\t<\/section>\n\t\t\t\t<\/div>\n\t\t","protected":false},"excerpt":{"rendered":"<p>INFOGERANCE Confiez-nous votre syst\u00e8me d&rsquo;information et gagnez en s\u00e9r\u00e9nit\u00e9. Notre service d&rsquo;infog\u00e9rance vous garantit une infrastructure informatique performante et s\u00e9curis\u00e9e. B\u00e9n\u00e9ficiez d&rsquo;une assistance 24\/7 et d&rsquo;une maintenance pr\u00e9ventive pour optimiser votre productivit\u00e9 et r\u00e9duire les temps d&rsquo;arr\u00eat. Nous adaptons nos solutions \u00e0 vos besoins sp\u00e9cifiques, quelle que soit la taille de votre entreprise Nos experts &hellip; <\/p>\n<p class=\"link-more\"><a href=\"https:\/\/www.altaier.com\/index.php\/elementor-626\/\" class=\"more-link\">Lire la suite de<span class=\"screen-reader-text\">\u00ab\u00a0Infogerance\u00a0\u00bb<\/span><\/a><\/p>\n","protected":false},"author":1,"featured_media":0,"parent":0,"menu_order":0,"comment_status":"closed","ping_status":"closed","template":"","meta":{"footnotes":""},"class_list":["post-626","page","type-page","status-publish","hentry"],"_links":{"self":[{"href":"https:\/\/www.altaier.com\/index.php\/wp-json\/wp\/v2\/pages\/626","targetHints":{"allow":["GET"]}}],"collection":[{"href":"https:\/\/www.altaier.com\/index.php\/wp-json\/wp\/v2\/pages"}],"about":[{"href":"https:\/\/www.altaier.com\/index.php\/wp-json\/wp\/v2\/types\/page"}],"author":[{"embeddable":true,"href":"https:\/\/www.altaier.com\/index.php\/wp-json\/wp\/v2\/users\/1"}],"replies":[{"embeddable":true,"href":"https:\/\/www.altaier.com\/index.php\/wp-json\/wp\/v2\/comments?post=626"}],"version-history":[{"count":5,"href":"https:\/\/www.altaier.com\/index.php\/wp-json\/wp\/v2\/pages\/626\/revisions"}],"predecessor-version":[{"id":639,"href":"https:\/\/www.altaier.com\/index.php\/wp-json\/wp\/v2\/pages\/626\/revisions\/639"}],"wp:attachment":[{"href":"https:\/\/www.altaier.com\/index.php\/wp-json\/wp\/v2\/media?parent=626"}],"curies":[{"name":"wp","href":"https:\/\/api.w.org\/{rel}","templated":true}]}}