{"id":387,"date":"2024-03-31T17:42:44","date_gmt":"2024-03-31T15:42:44","guid":{"rendered":"https:\/\/www.altaier.com\/?page_id=387"},"modified":"2024-05-09T11:27:00","modified_gmt":"2024-05-09T09:27:00","slug":"altaier-algerie","status":"publish","type":"page","link":"https:\/\/www.altaier.com\/index.php\/nos-services\/altaier-algerie\/","title":{"rendered":"Altaier Alg\u00e9rie."},"content":{"rendered":"\t\t<div data-elementor-type=\"wp-page\" data-elementor-id=\"387\" class=\"elementor elementor-387\">\n\t\t\t\t\t\t<section class=\"elementor-section elementor-top-section elementor-element elementor-element-9335446 elementor-section-boxed elementor-section-height-default elementor-section-height-default\" data-id=\"9335446\" data-element_type=\"section\">\n\t\t\t\t\t\t<div class=\"elementor-container elementor-column-gap-default\">\n\t\t\t\t\t<div class=\"elementor-column elementor-col-100 elementor-top-column elementor-element elementor-element-607b8b9\" data-id=\"607b8b9\" data-element_type=\"column\">\n\t\t\t<div class=\"elementor-widget-wrap elementor-element-populated\">\n\t\t\t\t\t\t<div class=\"elementor-element elementor-element-caa688d elementor-widget__width-initial elementor-widget elementor-widget-heading\" data-id=\"caa688d\" data-element_type=\"widget\" data-widget_type=\"heading.default\">\n\t\t\t\t<div class=\"elementor-widget-container\">\n\t\t\t<style>\/*! elementor - v3.22.0 - 26-06-2024 *\/\n.elementor-heading-title{padding:0;margin:0;line-height:1}.elementor-widget-heading .elementor-heading-title[class*=elementor-size-]>a{color:inherit;font-size:inherit;line-height:inherit}.elementor-widget-heading .elementor-heading-title.elementor-size-small{font-size:15px}.elementor-widget-heading .elementor-heading-title.elementor-size-medium{font-size:19px}.elementor-widget-heading .elementor-heading-title.elementor-size-large{font-size:29px}.elementor-widget-heading .elementor-heading-title.elementor-size-xl{font-size:39px}.elementor-widget-heading .elementor-heading-title.elementor-size-xxl{font-size:59px}<\/style><h2 class=\"elementor-heading-title elementor-size-default\">Vous envisagez d'installer des locaux en Alg\u00e9rie, Altaier est l\u00e0 pour vous aider \u00e0 installer et maintenir vos installations informatiques.\n<\/h2>\t\t<\/div>\n\t\t\t\t<\/div>\n\t\t\t\t<div class=\"elementor-element elementor-element-19a9a35 elementor-widget__width-initial elementor-widget elementor-widget-image\" data-id=\"19a9a35\" data-element_type=\"widget\" data-widget_type=\"image.default\">\n\t\t\t\t<div class=\"elementor-widget-container\">\n\t\t\t<style>\/*! elementor - v3.22.0 - 26-06-2024 *\/\n.elementor-widget-image{text-align:center}.elementor-widget-image a{display:inline-block}.elementor-widget-image a img[src$=\".svg\"]{width:48px}.elementor-widget-image img{vertical-align:middle;display:inline-block}<\/style>\t\t\t\t\t\t\t\t\t\t<img fetchpriority=\"high\" decoding=\"async\" width=\"950\" height=\"634\" src=\"https:\/\/www.altaier.com\/wp-content\/uploads\/2024\/03\/pexels-pixabay-269077-1024x683.jpg\" class=\"attachment-large size-large wp-image-402\" alt=\"Filale Algerie subsidaries Algeria\" srcset=\"https:\/\/www.altaier.com\/wp-content\/uploads\/2024\/03\/pexels-pixabay-269077-1024x683.jpg 1024w, https:\/\/www.altaier.com\/wp-content\/uploads\/2024\/03\/pexels-pixabay-269077-300x200.jpg 300w, https:\/\/www.altaier.com\/wp-content\/uploads\/2024\/03\/pexels-pixabay-269077-2000x1333.jpg 2000w, https:\/\/www.altaier.com\/wp-content\/uploads\/2024\/03\/pexels-pixabay-269077-1536x1024.jpg 1536w, https:\/\/www.altaier.com\/wp-content\/uploads\/2024\/03\/pexels-pixabay-269077.jpg 2048w\" sizes=\"100vw\" \/>\t\t\t\t\t\t\t\t\t\t\t\t\t<\/div>\n\t\t\t\t<\/div>\n\t\t\t\t<div class=\"elementor-element elementor-element-b9dc935 elementor-widget elementor-widget-text-editor\" data-id=\"b9dc935\" data-element_type=\"widget\" data-widget_type=\"text-editor.default\">\n\t\t\t\t<div class=\"elementor-widget-container\">\n\t\t\t<style>\/*! elementor - v3.22.0 - 26-06-2024 *\/\n.elementor-widget-text-editor.elementor-drop-cap-view-stacked .elementor-drop-cap{background-color:#69727d;color:#fff}.elementor-widget-text-editor.elementor-drop-cap-view-framed .elementor-drop-cap{color:#69727d;border:3px solid;background-color:transparent}.elementor-widget-text-editor:not(.elementor-drop-cap-view-default) .elementor-drop-cap{margin-top:8px}.elementor-widget-text-editor:not(.elementor-drop-cap-view-default) .elementor-drop-cap-letter{width:1em;height:1em}.elementor-widget-text-editor .elementor-drop-cap{float:left;text-align:center;line-height:1;font-size:50px}.elementor-widget-text-editor .elementor-drop-cap-letter{display:inline-block}<\/style>\t\t\t\t<h2>Accompagnement informatique pour l&rsquo;implantation de votre filiale en Alg\u00e9rie<\/h2><p><strong>Allier expertise informatique en France et connaissance du march\u00e9 alg\u00e9rien pour une implantation r\u00e9ussie.<\/strong><\/p><p><strong>Alatier<\/strong> vous propose un service d&rsquo;accompagnement complet pour l&rsquo;impl\u00e9mentation informatique de votre filiale en Alg\u00e9rie. Notre \u00e9quipe d&rsquo;experts vous guide \u00e0 chaque \u00e9tape du processus, en s&rsquo;adaptant \u00e0 vos besoins sp\u00e9cifiques et aux exigences du march\u00e9 local.<\/p><p><strong>Nos services incluent :<\/strong><\/p><p><strong>1. Analyse de vos besoins informatiques:<\/strong><\/p><ul><li style=\"list-style-type: none;\"><ul><!-- wp:list-item --><\/ul><\/li><\/ul><p>\u00a0<\/p><ul><li style=\"list-style-type: none;\"><ul><li>\u00c9valuation de votre infrastructure informatique existante<\/li><\/ul><\/li><\/ul><p><!-- \/wp:list-item --> <!-- wp:list-item --><\/p><ul><li style=\"list-style-type: none;\"><ul><li>Identification des besoins sp\u00e9cifiques \u00e0 votre filiale en Alg\u00e9rie<\/li><\/ul><\/li><\/ul><p><!-- \/wp:list-item --> <!-- wp:list-item --><\/p><ul><li style=\"list-style-type: none;\"><ul><li>D\u00e9finition d&rsquo;une strat\u00e9gie informatique adapt\u00e9e \u00e0 vos objectifs<\/li><\/ul><\/li><\/ul><p><!-- \/wp:list-item --><\/p><p><strong>2. Choix et installation des solutions informatiques:<\/strong><\/p><ul><li style=\"list-style-type: none;\"><ul><!-- wp:list-item --><\/ul><\/li><\/ul><p>\u00a0<\/p><ul><li style=\"list-style-type: none;\"><ul><li>Recommandation de solutions logicielles et mat\u00e9rielles r\u00e9pondant \u00e0 vos besoins<\/li><\/ul><\/li><\/ul><p><!-- \/wp:list-item --> <!-- wp:list-item --><\/p><ul><li style=\"list-style-type: none;\"><ul><li>Mise en place de l&rsquo;infrastructure informatique de votre filiale<\/li><\/ul><\/li><\/ul><p><!-- \/wp:list-item --> <!-- wp:list-item --><\/p><ul><li style=\"list-style-type: none;\"><ul><li>Configuration et s\u00e9curisation de vos syst\u00e8mes<\/li><\/ul><\/li><\/ul><p><!-- \/wp:list-item --><\/p><p><strong>3. Formation de vos \u00e9quipes:<\/strong><\/p><ul><li style=\"list-style-type: none;\"><ul><!-- wp:list-item --><\/ul><\/li><\/ul><p>\u00a0<\/p><ul><li style=\"list-style-type: none;\"><ul><li>Assistance \u00e0 la formation de vos utilisateurs sur les nouveaux outils informatiques<\/li><\/ul><\/li><\/ul><p><!-- \/wp:list-item --> <!-- wp:list-item --><\/p><ul><li style=\"list-style-type: none;\"><ul><li>Mise en place d&rsquo;un plan de formation personnalis\u00e9<\/li><\/ul><\/li><\/ul><p><!-- \/wp:list-item --><\/p><p><strong>4. Support technique et assistance continue:<\/strong><\/p><ul><li style=\"list-style-type: none;\"><ul><!-- wp:list-item --><\/ul><\/li><\/ul><p>\u00a0<\/p><ul><li style=\"list-style-type: none;\"><ul><li>Assistance technique r\u00e9active et proactive<\/li><\/ul><\/li><\/ul><p><!-- \/wp:list-item --> <!-- wp:list-item --><\/p><ul><li style=\"list-style-type: none;\"><ul><li>Maintenance et \u00e9volution de votre infrastructure informatique<\/li><\/ul><\/li><\/ul><p><!-- \/wp:list-item --> <!-- wp:list-item --><\/p><ul><li style=\"list-style-type: none;\"><ul><li>Surveillance et optimisation de vos performances<\/li><\/ul><\/li><\/ul><p><!-- \/wp:list-item --><\/p><p><strong>Pourquoi choisir Alatier ?<\/strong><\/p><ul><li style=\"list-style-type: none;\"><ul><!-- wp:list-item --><\/ul><\/li><\/ul><p>\u00a0<\/p><ul><li style=\"list-style-type: none;\"><ul><li><strong>Expertise informatique:<\/strong> Notre \u00e9quipe est compos\u00e9e d&rsquo;ing\u00e9nieurs et de consultants exp\u00e9riment\u00e9s dans le domaine informatique.<\/li><\/ul><\/li><\/ul><p><!-- \/wp:list-item --> <!-- wp:list-item --><\/p><ul><li style=\"list-style-type: none;\"><ul><li><strong>Connaissance du march\u00e9 alg\u00e9rien:<\/strong> Nous comprenons les exigences et les d\u00e9fis du march\u00e9 alg\u00e9rien et adaptons nos solutions en cons\u00e9quence.<\/li><\/ul><\/li><\/ul><p><!-- \/wp:list-item --> <!-- wp:list-item --><\/p><ul><li style=\"list-style-type: none;\"><ul><li><strong>Approche personnalis\u00e9e:<\/strong> Nous prenons le temps de comprendre vos besoins sp\u00e9cifiques et de vous proposer des solutions adapt\u00e9es.<\/li><\/ul><\/li><\/ul><p><!-- \/wp:list-item --> <!-- wp:list-item --><\/p><ul><li style=\"list-style-type: none;\"><ul><li><strong>Engagement qualit\u00e9:<\/strong> Nous nous engageons \u00e0 vous fournir un service de qualit\u00e9 et \u00e0 vous accompagner tout au long de votre implantation en Alg\u00e9rie.<\/li><\/ul><\/li><\/ul><p><!-- \/wp:list-item --><\/p><p><strong>Contactez-nous d\u00e8s aujourd&rsquo;hui pour discuter de vos besoins informatiques et obtenir un devis gratuit.<\/strong><\/p><p>\u00a0<\/p><p><!-- wp:heading --> <!-- \/wp:heading --> <!-- wp:paragraph --> <!-- \/wp:paragraph --> <!-- wp:paragraph --> <!-- \/wp:paragraph --> <!-- wp:paragraph --> <!-- \/wp:paragraph --> <!-- wp:paragraph --> <!-- \/wp:paragraph --> <!-- wp:list --> <!-- \/wp:list --> <!-- wp:paragraph --> <!-- \/wp:paragraph --> <!-- wp:list --> <!-- \/wp:list --> <!-- wp:paragraph --> <!-- \/wp:paragraph --> <!-- wp:list --> <!-- \/wp:list --> <!-- wp:paragraph --> <!-- \/wp:paragraph --> <!-- wp:list --> <!-- \/wp:list --> <!-- wp:paragraph --> <!-- \/wp:paragraph --> <!-- wp:list --> <!-- \/wp:list --> <!-- wp:paragraph --> <!-- \/wp:paragraph --> <!-- wp:paragraph --> <!-- \/wp:paragraph --> <!-- wp:paragraph --> <!-- \/wp:paragraph --><\/p><p><strong>Alatier, votre partenaire informatique de confiance pour une implantation r\u00e9ussie en Alg\u00e9rie.<\/strong><\/p>\t\t\t\t\t\t<\/div>\n\t\t\t\t<\/div>\n\t\t\t\t\t<\/div>\n\t\t<\/div>\n\t\t\t\t\t<\/div>\n\t\t<\/section>\n\t\t\t\t<\/div>\n\t\t","protected":false},"excerpt":{"rendered":"<p>Vous envisagez d&rsquo;installer des locaux en Alg\u00e9rie, Altaier est l\u00e0 pour vous aider \u00e0 installer et maintenir vos installations informatiques. Accompagnement informatique pour l&rsquo;implantation de votre filiale en Alg\u00e9rie Allier expertise informatique en France et connaissance du march\u00e9 alg\u00e9rien pour une implantation r\u00e9ussie. Alatier vous propose un service d&rsquo;accompagnement complet pour l&rsquo;impl\u00e9mentation informatique de votre &hellip; <\/p>\n<p class=\"link-more\"><a href=\"https:\/\/www.altaier.com\/index.php\/nos-services\/altaier-algerie\/\" class=\"more-link\">Lire la suite de<span class=\"screen-reader-text\">\u00ab\u00a0Altaier Alg\u00e9rie.\u00a0\u00bb<\/span><\/a><\/p>\n","protected":false},"author":1,"featured_media":0,"parent":395,"menu_order":0,"comment_status":"closed","ping_status":"closed","template":"","meta":{"footnotes":""},"class_list":["post-387","page","type-page","status-publish","hentry"],"_links":{"self":[{"href":"https:\/\/www.altaier.com\/index.php\/wp-json\/wp\/v2\/pages\/387","targetHints":{"allow":["GET"]}}],"collection":[{"href":"https:\/\/www.altaier.com\/index.php\/wp-json\/wp\/v2\/pages"}],"about":[{"href":"https:\/\/www.altaier.com\/index.php\/wp-json\/wp\/v2\/types\/page"}],"author":[{"embeddable":true,"href":"https:\/\/www.altaier.com\/index.php\/wp-json\/wp\/v2\/users\/1"}],"replies":[{"embeddable":true,"href":"https:\/\/www.altaier.com\/index.php\/wp-json\/wp\/v2\/comments?post=387"}],"version-history":[{"count":36,"href":"https:\/\/www.altaier.com\/index.php\/wp-json\/wp\/v2\/pages\/387\/revisions"}],"predecessor-version":[{"id":465,"href":"https:\/\/www.altaier.com\/index.php\/wp-json\/wp\/v2\/pages\/387\/revisions\/465"}],"up":[{"embeddable":true,"href":"https:\/\/www.altaier.com\/index.php\/wp-json\/wp\/v2\/pages\/395"}],"wp:attachment":[{"href":"https:\/\/www.altaier.com\/index.php\/wp-json\/wp\/v2\/media?parent=387"}],"curies":[{"name":"wp","href":"https:\/\/api.w.org\/{rel}","templated":true}]}}