{"id":208,"date":"2022-10-09T16:54:15","date_gmt":"2022-10-09T14:54:15","guid":{"rendered":"http:\/\/www.altaier.com\/?page_id=208"},"modified":"2024-03-31T17:01:27","modified_gmt":"2024-03-31T15:01:27","slug":"societe","status":"publish","type":"page","link":"https:\/\/www.altaier.com\/index.php\/societe\/","title":{"rendered":"societe"},"content":{"rendered":"\n<h2 class=\"wp-block-heading\"><strong>Alatier : Votre partenaire informatique expert<\/strong><\/h2>\n\n\n\n<p><strong>Alatier<\/strong> est une soci\u00e9t\u00e9 de conseil et d&rsquo;int\u00e9gration informatique, experte dans le domaine depuis plus de 20 ans.<\/p>\n\n\n\n<p><strong>Forte de son exp\u00e9rience<\/strong>, Alatier vous accompagne dans la mise en place de solutions informatiques r\u00e9pondant \u00e0 vos besoins sp\u00e9cifiques, dans divers domaines d&rsquo;activit\u00e9 tels que :<\/p>\n\n\n\n<ul class=\"wp-block-list\">\n<li><strong>Bureautique<\/strong> : Optimisation de vos outils de travail collaboratifs, messagerie, GED, etc.<\/li>\n\n\n\n<li><strong>Logistique<\/strong> : Mise en place de WMS, TMS, solutions de tra\u00e7abilit\u00e9, etc.<\/li>\n\n\n\n<li><strong>Pharmaceutique<\/strong> : Logiciels de gestion d&rsquo;officine, GPAO, solutions de e-sant\u00e9, etc.<\/li>\n\n\n\n<li><strong>Cosm\u00e9tique<\/strong> : PLM, CRM, solutions de gestion de production, etc.<\/li>\n<\/ul>\n\n\n\n<p><strong>Notre expertise<\/strong> s&rsquo;\u00e9tend de l&rsquo;analyse de vos besoins \u00e0 la mise en place et au suivi de votre solution informatique, en passant par la formation de vos utilisateurs.<\/p>\n\n\n\n<p><strong>Notre engagement :<\/strong> vous fournir des solutions performantes et adapt\u00e9es \u00e0 vos besoins, pour vous aider \u00e0 am\u00e9liorer votre efficacit\u00e9 et votre productivit\u00e9.<\/p>\n\n\n\n<p><strong>Alatier, c&rsquo;est aussi :<\/strong><\/p>\n\n\n\n<ul class=\"wp-block-list\">\n<li>Une \u00e9quipe de consultants exp\u00e9riment\u00e9s et passionn\u00e9s<\/li>\n\n\n\n<li>Une approche pragmatique et orient\u00e9s r\u00e9sultats<\/li>\n\n\n\n<li>Un engagement de qualit\u00e9 et de satisfaction client<\/li>\n<\/ul>\n\n\n\n<p><strong>N&rsquo;h\u00e9sitez pas \u00e0 nous contacter<\/strong> pour discuter de vos besoins informatiques.<\/p>\n\n\n\n<p><strong>Alatier, votre partenaire informatique de confiance.<\/strong><\/p>\n","protected":false},"excerpt":{"rendered":"<p>Alatier : Votre partenaire informatique expert Alatier est une soci\u00e9t\u00e9 de conseil et d&rsquo;int\u00e9gration informatique, experte dans le domaine depuis plus de 20 ans. Forte de son exp\u00e9rience, Alatier vous accompagne dans la mise en place de solutions informatiques r\u00e9pondant \u00e0 vos besoins sp\u00e9cifiques, dans divers domaines d&rsquo;activit\u00e9 tels que : Notre expertise s&rsquo;\u00e9tend de &hellip; <\/p>\n<p class=\"link-more\"><a href=\"https:\/\/www.altaier.com\/index.php\/societe\/\" class=\"more-link\">Lire la suite de<span class=\"screen-reader-text\">\u00ab\u00a0societe\u00a0\u00bb<\/span><\/a><\/p>\n","protected":false},"author":1,"featured_media":0,"parent":0,"menu_order":0,"comment_status":"closed","ping_status":"closed","template":"","meta":{"footnotes":""},"class_list":["post-208","page","type-page","status-publish","hentry"],"_links":{"self":[{"href":"https:\/\/www.altaier.com\/index.php\/wp-json\/wp\/v2\/pages\/208","targetHints":{"allow":["GET"]}}],"collection":[{"href":"https:\/\/www.altaier.com\/index.php\/wp-json\/wp\/v2\/pages"}],"about":[{"href":"https:\/\/www.altaier.com\/index.php\/wp-json\/wp\/v2\/types\/page"}],"author":[{"embeddable":true,"href":"https:\/\/www.altaier.com\/index.php\/wp-json\/wp\/v2\/users\/1"}],"replies":[{"embeddable":true,"href":"https:\/\/www.altaier.com\/index.php\/wp-json\/wp\/v2\/comments?post=208"}],"version-history":[{"count":3,"href":"https:\/\/www.altaier.com\/index.php\/wp-json\/wp\/v2\/pages\/208\/revisions"}],"predecessor-version":[{"id":349,"href":"https:\/\/www.altaier.com\/index.php\/wp-json\/wp\/v2\/pages\/208\/revisions\/349"}],"wp:attachment":[{"href":"https:\/\/www.altaier.com\/index.php\/wp-json\/wp\/v2\/media?parent=208"}],"curies":[{"name":"wp","href":"https:\/\/api.w.org\/{rel}","templated":true}]}}